{"id":39,"date":"2015-03-20T18:58:41","date_gmt":"2015-03-20T18:58:41","guid":{"rendered":"http:\/\/www.laajalahdenmerenkavijat.net\/www\/?page_id=39"},"modified":"2024-02-23T15:03:42","modified_gmt":"2024-02-23T13:03:42","slug":"jaseneksi","status":"publish","type":"page","link":"http:\/\/www.laajalahdenmerenkavijat.net\/www\/jaseneksi\/","title":{"rendered":"J\u00e4seneksi"},"content":{"rendered":"\n<p>&nbsp;<\/p>\n<p>L\u00e4het\u00e4 hakemus osoitteeseen:<\/p>\n<pre>Laajalahden merenk\u00e4vij\u00e4t ry<br><br>Ruukinrannantie 27<br><br>02600 ESPOO<br><br>Tai s\u00e4hk\u00f6postilla <strong>yhdistys@laajalahdenmerenkavijat.net<\/strong><\/pre>\n<p>&nbsp;<\/p>\n\n\n\n\n\n<div class=\"wp-block-media-text alignwide is-stacked-on-mobile\"><figure class=\"wp-block-media-text__media\"><\/figure><div class=\"wp-block-media-text__content\">\n<p class=\"has-large-font-size\"><\/p>\n\n\n\n<div class=\"wp-block-media-text alignwide is-stacked-on-mobile\"><figure class=\"wp-block-media-text__media\"><\/figure><div class=\"wp-block-media-text__content\">\n<p class=\"has-large-font-size\"><\/p>\n<\/div><\/div>\n<\/div><\/div>\n\n\n\n<div class=\"wp-block-file\"><a href=\"http:\/\/www.laajalahdenmerenkavijat.net\/www\/wp-content\/uploads\/2023\/02\/Application-form-2023.docx\">J\u00e4senhakemus 2024 (word)<\/a><a href=\"http:\/\/www.laajalahdenmerenkavijat.net\/www\/wp-content\/uploads\/2023\/02\/Application-form-2023.docx\" class=\"wp-block-file__button\" download><\/a><\/div>\n\n\n\n<div class=\"wp-block-file\"><a href=\"http:\/\/www.laajalahdenmerenkavijat.net\/www\/wp-content\/uploads\/2023\/02\/jasenhakemus_2023.docx\">jasenhakemus_2024 (pdf)<\/a><a href=\"http:\/\/www.laajalahdenmerenkavijat.net\/www\/wp-content\/uploads\/2023\/02\/jasenhakemus_2023.docx\" class=\"wp-block-file__button\" download><\/a><\/div>\n\n\n\n<div class=\"wp-block-media-text alignwide is-stacked-on-mobile\"><figure class=\"wp-block-media-text__media\"><\/figure><div class=\"wp-block-media-text__content\">\n<p class=\"has-large-font-size\"><\/p>\n<\/div><\/div>\n","protected":false},"excerpt":{"rendered":"","protected":false},"author":2,"featured_media":0,"parent":0,"menu_order":0,"comment_status":"closed","ping_status":"closed","template":"","meta":{"footnotes":""},"class_list":["post-39","page","type-page","status-publish","hentry","post-preview"],"_links":{"self":[{"href":"http:\/\/www.laajalahdenmerenkavijat.net\/www\/wp-json\/wp\/v2\/pages\/39","targetHints":{"allow":["GET"]}}],"collection":[{"href":"http:\/\/www.laajalahdenmerenkavijat.net\/www\/wp-json\/wp\/v2\/pages"}],"about":[{"href":"http:\/\/www.laajalahdenmerenkavijat.net\/www\/wp-json\/wp\/v2\/types\/page"}],"author":[{"embeddable":true,"href":"http:\/\/www.laajalahdenmerenkavijat.net\/www\/wp-json\/wp\/v2\/users\/2"}],"replies":[{"embeddable":true,"href":"http:\/\/www.laajalahdenmerenkavijat.net\/www\/wp-json\/wp\/v2\/comments?post=39"}],"version-history":[{"count":34,"href":"http:\/\/www.laajalahdenmerenkavijat.net\/www\/wp-json\/wp\/v2\/pages\/39\/revisions"}],"predecessor-version":[{"id":569,"href":"http:\/\/www.laajalahdenmerenkavijat.net\/www\/wp-json\/wp\/v2\/pages\/39\/revisions\/569"}],"wp:attachment":[{"href":"http:\/\/www.laajalahdenmerenkavijat.net\/www\/wp-json\/wp\/v2\/media?parent=39"}],"curies":[{"name":"wp","href":"https:\/\/api.w.org\/{rel}","templated":true}]}}