{"id":36,"date":"2015-03-20T18:57:31","date_gmt":"2015-03-20T18:57:31","guid":{"rendered":"http:\/\/www.laajalahdenmerenkavijat.net\/www\/?page_id=36"},"modified":"2021-06-04T17:07:44","modified_gmt":"2021-06-04T15:07:44","slug":"historia","status":"publish","type":"page","link":"http:\/\/www.laajalahdenmerenkavijat.net\/www\/historia\/","title":{"rendered":"Perustettu 1967"},"content":{"rendered":"\n<p>Laajalahden pienvenesataman alueella on pitk\u00e4 ja merkitt\u00e4v\u00e4 historia takanaan. Alueella jo vuosisatojen ajan toimineen teollisuuden tuotteita on lastattu nykyisen venelaiturin kohdalla.<\/p>\n\n\n\n<p>Laajalahden Merenk\u00e4vij\u00e4t ry:n toimesta ker\u00e4tty\u00e4 aineistoa alueen ja venekerhon historiasta esitell\u00e4\u00e4n t\u00e4ll\u00e4&nbsp;sivulla.<\/p>\n\n\n\n<div class=\"wp-block-image\"><figure class=\"aligncenter\"><img decoding=\"async\" src=\"http:\/\/www.laajalahdenmerenkavijat.net\/llmk_web\/images\/llmk\/historia_laiturinrakennus.jpg\" alt=\"historia laiturinrakennus\"\/><\/figure><\/div>\n","protected":false},"excerpt":{"rendered":"<p>Laajalahden pienvenesataman alueella on pitk\u00e4 ja merkitt\u00e4v\u00e4 historia takanaan. Alueella jo vuosisatojen ajan toimineen teollisuuden tuotteita on lastattu nykyisen venelaiturin kohdalla. Laajalahden Merenk\u00e4vij\u00e4t ry:n toimesta ker\u00e4tty\u00e4 aineistoa alueen ja venekerhon historiasta esitell\u00e4\u00e4n t\u00e4ll\u00e4&nbsp;sivulla.<\/p>\n","protected":false},"author":2,"featured_media":0,"parent":0,"menu_order":0,"comment_status":"open","ping_status":"open","template":"","meta":{"footnotes":""},"class_list":["post-36","page","type-page","status-publish","hentry","post-preview"],"_links":{"self":[{"href":"http:\/\/www.laajalahdenmerenkavijat.net\/www\/wp-json\/wp\/v2\/pages\/36","targetHints":{"allow":["GET"]}}],"collection":[{"href":"http:\/\/www.laajalahdenmerenkavijat.net\/www\/wp-json\/wp\/v2\/pages"}],"about":[{"href":"http:\/\/www.laajalahdenmerenkavijat.net\/www\/wp-json\/wp\/v2\/types\/page"}],"author":[{"embeddable":true,"href":"http:\/\/www.laajalahdenmerenkavijat.net\/www\/wp-json\/wp\/v2\/users\/2"}],"replies":[{"embeddable":true,"href":"http:\/\/www.laajalahdenmerenkavijat.net\/www\/wp-json\/wp\/v2\/comments?post=36"}],"version-history":[{"count":4,"href":"http:\/\/www.laajalahdenmerenkavijat.net\/www\/wp-json\/wp\/v2\/pages\/36\/revisions"}],"predecessor-version":[{"id":490,"href":"http:\/\/www.laajalahdenmerenkavijat.net\/www\/wp-json\/wp\/v2\/pages\/36\/revisions\/490"}],"wp:attachment":[{"href":"http:\/\/www.laajalahdenmerenkavijat.net\/www\/wp-json\/wp\/v2\/media?parent=36"}],"curies":[{"name":"wp","href":"https:\/\/api.w.org\/{rel}","templated":true}]}}