{"id":22,"date":"2015-03-20T18:47:34","date_gmt":"2015-03-20T18:47:34","guid":{"rendered":"http:\/\/www.laajalahdenmerenkavijat.net\/www\/?page_id=22"},"modified":"2020-03-13T09:42:17","modified_gmt":"2020-03-13T07:42:17","slug":"katsastus","status":"publish","type":"page","link":"http:\/\/www.laajalahdenmerenkavijat.net\/www\/katsastus\/","title":{"rendered":"Katsastus"},"content":{"rendered":"<p dir=\"ltr\">Katsastajat:<br \/>\n&#8211; Johannes Korpijaakko\u00a0050-5542473<br \/>\n&#8211; Timo Mustonen\u00a0040-5694738<\/p>\n<p dir=\"ltr\"><img loading=\"lazy\" decoding=\"async\" src=\"http:\/\/www.laajalahdenmerenkavijat.net\/llmk_web\/images\/llmk\/Katsastus_2014.jpg\" alt=\"Katsastus 2014\" width=\"153\" height=\"219\" \/><\/p>\n<p dir=\"ltr\"><strong>Katsastus lyhyesti:<\/strong><br \/>\nVeneen katsastus on vapaaehtoinen, mutta eritt\u00e4in suositeltava turvallisuustoimenpide.<\/p>\n<p dir=\"ltr\">Teht\u00e4v\u00e4\u00e4n koulutettu katsastusmies k\u00e4y yhdess\u00e4 omistajan kanssa l\u00e4pi veneen rakenteen ja sen varustelun. H\u00e4n antaa my\u00f6s turvallisuusopastusta veneilij\u00e4n niin halutessa. Katsastaja voi tehd\u00e4 suosituksia veneen turvallisuustason parantamiseksi.<\/p>\n<p dir=\"ltr\"><em>Veneilij\u00e4 ottaa itse yhteytt\u00e4 katsastusmieheen ja sopii katsastuksen suorittamisesta.<\/em><\/p>\n<p dir=\"ltr\"><strong>Vuosikatsastus<\/strong>\u00a0suoritetaan aina veneen ollessa vesill\u00e4 kes\u00e4kuun loppuun menness\u00e4.<\/p>\n<p dir=\"ltr\"><strong>Peruskatsastus<\/strong>\u00a0tehd\u00e4\u00e4n joka viides vuosi, tai kun vene on vaihtanut omistajaa, siihen on vaihdettu moottori, vetolaite tai tehty jokin muu suuri rakenteellinen muutos. Peruskatsastus suoritetaan aina ennen vesillelaskua.<\/p>\n<p dir=\"ltr\">Veneiden katsastuksesta ei j\u00e4senilt\u00e4 perit\u00e4 maksua. Jokaisen toivotaan k\u00e4ytt\u00e4v\u00e4n t\u00e4m\u00e4n j\u00e4senedun hyv\u00e4kseen. Osa vakuutusyhti\u00f6ist\u00e4 my\u00f6nt\u00e4\u00e4 alennuksen vakuutusmaksuista. Tarkista asia omalta vakuutusyhti\u00f6lt\u00e4si.<\/p>\n<p dir=\"ltr\">Huviveneet katsastetaan nelj\u00e4\u00e4n katsastusluokkaan p\u00e4\u00e4asiallisen k\u00e4ytt\u00f6alueen mukaan:<\/p>\n<p dir=\"ltr\">\u2022 1: avomeri<br \/>\n\u2022 2: rannikko<br \/>\n\u2022 3: saaristo<br \/>\n\u2022 4: suojaiset vesialueet<\/p>\n<p dir=\"ltr\">Tarkemmat kuvaukset katsastusluokista l\u00f6ytyy\u00a0<a href=\"http:\/\/www.purjehtija.fi\/index.php?sivu=34841\" target=\"_blank\">Suomen Purjehdus ja Veneily Liiton sivuilta<\/a>.<\/p>\n","protected":false},"excerpt":{"rendered":"<p>Katsastajat: &#8211; Johannes Korpijaakko\u00a0050-5542473 &#8211; Timo Mustonen\u00a0040-5694738 Katsastus lyhyesti: Veneen katsastus on vapaaehtoinen, mutta eritt\u00e4in suositeltava turvallisuustoimenpide. Teht\u00e4v\u00e4\u00e4n koulutettu katsastusmies k\u00e4y yhdess\u00e4 omistajan kanssa l\u00e4pi veneen rakenteen ja sen varustelun. H\u00e4n antaa my\u00f6s turvallisuusopastusta veneilij\u00e4n niin halutessa. Katsastaja voi tehd\u00e4 suosituksia veneen turvallisuustason parantamiseksi. Veneilij\u00e4 ottaa itse yhteytt\u00e4 katsastusmieheen ja sopii katsastuksen suorittamisesta. Vuosikatsastus\u00a0suoritetaan aina [&hellip;]<\/p>\n","protected":false},"author":2,"featured_media":0,"parent":0,"menu_order":0,"comment_status":"closed","ping_status":"closed","template":"","meta":{"footnotes":""},"class_list":["post-22","page","type-page","status-publish","hentry","post-preview"],"_links":{"self":[{"href":"http:\/\/www.laajalahdenmerenkavijat.net\/www\/wp-json\/wp\/v2\/pages\/22","targetHints":{"allow":["GET"]}}],"collection":[{"href":"http:\/\/www.laajalahdenmerenkavijat.net\/www\/wp-json\/wp\/v2\/pages"}],"about":[{"href":"http:\/\/www.laajalahdenmerenkavijat.net\/www\/wp-json\/wp\/v2\/types\/page"}],"author":[{"embeddable":true,"href":"http:\/\/www.laajalahdenmerenkavijat.net\/www\/wp-json\/wp\/v2\/users\/2"}],"replies":[{"embeddable":true,"href":"http:\/\/www.laajalahdenmerenkavijat.net\/www\/wp-json\/wp\/v2\/comments?post=22"}],"version-history":[{"count":6,"href":"http:\/\/www.laajalahdenmerenkavijat.net\/www\/wp-json\/wp\/v2\/pages\/22\/revisions"}],"predecessor-version":[{"id":312,"href":"http:\/\/www.laajalahdenmerenkavijat.net\/www\/wp-json\/wp\/v2\/pages\/22\/revisions\/312"}],"wp:attachment":[{"href":"http:\/\/www.laajalahdenmerenkavijat.net\/www\/wp-json\/wp\/v2\/media?parent=22"}],"curies":[{"name":"wp","href":"https:\/\/api.w.org\/{rel}","templated":true}]}}