{"id":2,"date":"2015-03-20T16:19:02","date_gmt":"2015-03-20T16:19:02","guid":{"rendered":"http:\/\/www.laajalahdenmerenkavijat.net\/www\/?page_id=2"},"modified":"2025-03-19T20:19:40","modified_gmt":"2025-03-19T18:19:40","slug":"about","status":"publish","type":"page","link":"http:\/\/www.laajalahdenmerenkavijat.net\/www\/","title":{"rendered":"Etusivu"},"content":{"rendered":"\n<p>Laajalahden Merenk\u00e4vij\u00e4t ry toimii Laajalahden venesatamassa Ruukinrannassa.<\/p>\n\n\n\n<p>Venekerhon j\u00e4senm\u00e4\u00e4r\u00e4 on vaihdellut 75 molemmin puolin. Kerhon toiminta painottuu veneretkeilyyn, kalastamiseen ja samanhenkisten ihmisten kanssa yhdess\u00e4 olemiseen. Talkooty\u00f6ll\u00e4 yll\u00e4pidet\u00e4\u00e4n ja kehitet\u00e4\u00e4n kotisatamaa.<\/p>\n\n\n\n<p>Kerholla on pitk\u00e4t perinteet yhdess\u00e4 laulamisesta ja soittamisesta. Kerhon piiriss\u00e4 toimii tanssiorkesteri ja kerholle on s\u00e4velletty oma tunnuslaulu, &#8221;Laajalahti-valssi&#8221;.<\/p>\n\n\n\n<p>Satamassa sijaitseva hirsimaja tarjoaa hyv\u00e4t puitteet j\u00e4sentoimintaa ja koulutusta varten. J\u00e4sen voi k\u00e4ytt\u00e4\u00e4 sit\u00e4 omaan tarkoitukseensa annettujen s\u00e4\u00e4nt\u00f6jen puitteissa, ota yhteytt\u00e4 kerhois\u00e4nt\u00e4\u00e4n.<\/p>\n\n\n\n<p><em>LM:n hallitus 2025<\/em><\/p>\n\n\n\n<figure class=\"wp-block-table\"><table class=\"has-fixed-layout\"><tbody><tr><td>Maunu Korpela, puheenjohtaja<\/td><td>0405705432<\/td><\/tr><tr><td>Rami Nordlund, varapuheenjohtaja<\/td><td>040 5149296<\/td><\/tr><tr><td>Timo Mustonen, taloudenhoitaja<\/td><td>040 5694738<\/td><\/tr><tr><td>Terho L\u00e4\u00e4r\u00e4, sihteeri<\/td><td>050 3323109<\/td><\/tr><tr><td>Vartiointiin liittyv\u00e4 asiat<\/td><td><a href=\"mailto:vartiointi.laajalahti@gmail.com\">vartiointi.laajalahti@gmail.com<\/a><\/td><\/tr><tr><td>Heikki Aura, satamamestari<\/td><td>0400 836785<\/td><\/tr><tr><td>Jari Vartiainen, kerhois\u00e4nt\u00e4<\/td><td><a href=\"mailto:jaritapanivartiainen@gmail.com\">jaritapanivartiainen@gmail.com<\/a><\/td><\/tr><tr><td>&nbsp;<\/td><td>&nbsp;<\/td><\/tr><tr><td>&nbsp;<\/td><td>&nbsp;<\/td><\/tr><\/tbody><\/table><\/figure>\n\n\n\n<div data-wp-interactive=\"core\/file\" class=\"wp-block-file\"><object data-wp-bind--hidden=\"!state.hasPdfPreview\" hidden class=\"wp-block-file__embed\" data=\"http:\/\/www.laajalahdenmerenkavijat.net\/www\/wp-content\/uploads\/2025\/03\/Tietosuojaseloste-Laajalahden-merenkavijat-kameravalvonta-2025-alkaen-1.pdf\" type=\"application\/pdf\" style=\"width:100%;height:200px\" aria-label=\"Tiedoston Tietosuojaseloste Laajalahden merenk\u00e4vij\u00e4t - kameravalvonta 2025 alkaen upotus.\"><\/object><a id=\"wp-block-file--media-136e2d21-d52c-40e6-a1ff-e07c5a14dd57\" href=\"http:\/\/www.laajalahdenmerenkavijat.net\/www\/wp-content\/uploads\/2025\/03\/Tietosuojaseloste-Laajalahden-merenkavijat-kameravalvonta-2025-alkaen-1.pdf\">Tietosuojaseloste Laajalahden merenk\u00e4vij\u00e4t &#8211; kameravalvonta 2025 alkaen<\/a><a href=\"http:\/\/www.laajalahdenmerenkavijat.net\/www\/wp-content\/uploads\/2025\/03\/Tietosuojaseloste-Laajalahden-merenkavijat-kameravalvonta-2025-alkaen-1.pdf\" class=\"wp-block-file__button wp-element-button\" download aria-describedby=\"wp-block-file--media-136e2d21-d52c-40e6-a1ff-e07c5a14dd57\">Lataa<\/a><\/div>\n\n\n\n<div data-wp-interactive=\"core\/file\" class=\"wp-block-file\"><object data-wp-bind--hidden=\"!state.hasPdfPreview\" hidden class=\"wp-block-file__embed\" data=\"http:\/\/www.laajalahdenmerenkavijat.net\/www\/wp-content\/uploads\/2021\/05\/Tietosuojaseloste-Laajalahden-merenkavijat-jasenrekisteri.pdf\" type=\"application\/pdf\" style=\"width:100%;height:200px\" aria-label=\"Tiedoston Tietosuojaseloste Laajalahden merenk\u00e4vij\u00e4t - j\u00e4senrekisteri upotus.\"><\/object><a id=\"wp-block-file--media-3bce9348-0eea-444b-982e-77e2ed07edb4\" href=\"http:\/\/www.laajalahdenmerenkavijat.net\/www\/wp-content\/uploads\/2021\/05\/Tietosuojaseloste-Laajalahden-merenkavijat-jasenrekisteri.pdf\">Tietosuojaseloste Laajalahden merenk\u00e4vij\u00e4t &#8211; j\u00e4senrekisteri<\/a><a href=\"http:\/\/www.laajalahdenmerenkavijat.net\/www\/wp-content\/uploads\/2021\/05\/Tietosuojaseloste-Laajalahden-merenkavijat-jasenrekisteri.pdf\" class=\"wp-block-file__button wp-element-button\" download aria-describedby=\"wp-block-file--media-3bce9348-0eea-444b-982e-77e2ed07edb4\">Lataa<\/a><\/div>\n\n\n\n<p><\/p>\n","protected":false},"excerpt":{"rendered":"<p>Laajalahden Merenk\u00e4vij\u00e4t ry toimii Laajalahden venesatamassa Ruukinrannassa. Venekerhon j\u00e4senm\u00e4\u00e4r\u00e4 on vaihdellut 75 molemmin puolin. Kerhon toiminta painottuu veneretkeilyyn, kalastamiseen ja samanhenkisten ihmisten kanssa yhdess\u00e4 olemiseen. Talkooty\u00f6ll\u00e4 yll\u00e4pidet\u00e4\u00e4n ja kehitet\u00e4\u00e4n kotisatamaa. Kerholla on pitk\u00e4t perinteet yhdess\u00e4 laulamisesta ja soittamisesta. Kerhon piiriss\u00e4 toimii tanssiorkesteri ja kerholle on s\u00e4velletty oma tunnuslaulu, &#8221;Laajalahti-valssi&#8221;. Satamassa sijaitseva hirsimaja tarjoaa hyv\u00e4t puitteet [&hellip;]<\/p>\n","protected":false},"author":5,"featured_media":0,"parent":0,"menu_order":0,"comment_status":"closed","ping_status":"closed","template":"","meta":{"footnotes":""},"class_list":["post-2","page","type-page","status-publish","hentry","post-preview"],"_links":{"self":[{"href":"http:\/\/www.laajalahdenmerenkavijat.net\/www\/wp-json\/wp\/v2\/pages\/2","targetHints":{"allow":["GET"]}}],"collection":[{"href":"http:\/\/www.laajalahdenmerenkavijat.net\/www\/wp-json\/wp\/v2\/pages"}],"about":[{"href":"http:\/\/www.laajalahdenmerenkavijat.net\/www\/wp-json\/wp\/v2\/types\/page"}],"author":[{"embeddable":true,"href":"http:\/\/www.laajalahdenmerenkavijat.net\/www\/wp-json\/wp\/v2\/users\/5"}],"replies":[{"embeddable":true,"href":"http:\/\/www.laajalahdenmerenkavijat.net\/www\/wp-json\/wp\/v2\/comments?post=2"}],"version-history":[{"count":46,"href":"http:\/\/www.laajalahdenmerenkavijat.net\/www\/wp-json\/wp\/v2\/pages\/2\/revisions"}],"predecessor-version":[{"id":602,"href":"http:\/\/www.laajalahdenmerenkavijat.net\/www\/wp-json\/wp\/v2\/pages\/2\/revisions\/602"}],"wp:attachment":[{"href":"http:\/\/www.laajalahdenmerenkavijat.net\/www\/wp-json\/wp\/v2\/media?parent=2"}],"curies":[{"name":"wp","href":"https:\/\/api.w.org\/{rel}","templated":true}]}}