{"id":18,"date":"2015-03-20T18:44:26","date_gmt":"2015-03-20T18:44:26","guid":{"rendered":"http:\/\/www.laajalahdenmerenkavijat.net\/www\/?page_id=18"},"modified":"2023-02-22T15:50:10","modified_gmt":"2023-02-22T13:50:10","slug":"satama","status":"publish","type":"page","link":"http:\/\/www.laajalahdenmerenkavijat.net\/www\/satama\/","title":{"rendered":"Satama"},"content":{"rendered":"<p><iframe loading=\"lazy\" style=\"border: 0;\" src=\"https:\/\/www.google.com\/maps\/embed?pb=!1m18!1m12!1m3!1d1982.6269269974418!2d24.82503611610778!3d60.203456781973195!2m3!1f0!2f0!3f0!3m2!1i1024!2i768!4f13.1!3m3!1m2!1s0x468df5de0c4fb593%3A0xe313727077fbd2ba!2sRuukinrannantie%2027%2C%2002600%20Espoo!5e0!3m2!1sfi!2sfi!4v1569748811306!5m2!1sfi!2sfi\" width=\"600\" height=\"450\" frameborder=\"0\" allowfullscreen=\"allowfullscreen\"><\/iframe><br \/>\n<strong>Sataman osoite:<\/strong> Ruukinrannantie 27, 02600 ESPOO\u00a0 \u00a0 \u00a0 \u00a0 \u00a0 \u00a0 \u00a0 \u00a0 \u00a0 \u00a0 \u00a0 \u00a0 \u00a0 \u00a0 \u00a0 \u00a0 \u00a0 \u00a0 \u00a0 \u00a0 \u00a0 \u00a0 \u00a0 \u00a0 \u00a0 \u00a0 \u00a0 \u00a0 \u00a0 \u00a0 \u00a0 e-mail: yhdistys@laajalahdenmerenkavijat.net<\/p>\n<p>Laajalahden pienvenesatama on Espoon kaupungin satama. Espoon kaupunki vastaa venepaikkojen vuokrauksesta ja kunnossapidosta. Sataman vankka 126-paikkainen venelaituri on uusittu vuonna 2013.<\/p>\n<p><img loading=\"lazy\" decoding=\"async\" src=\"http:\/\/www.laajalahdenmerenkavijat.net\/llmk_web\/images\/llmk\/satama_1998_2.jpg\" alt=\"satama 1998 2\" width=\"472\" height=\"341\" \/><br \/>\nLaajalahden Merenk\u00e4vij\u00e4t yll\u00e4pit\u00e4\u00e4 ja vuokraa yhteens\u00e4 25 veneen kiinnityspoijua laiturin molemmin puolin. Poijupaikka on tarkoitettu vain kerhon omille j\u00e4senille. Poijussa oleville veneille on varattu rannassa omat jollapaikat. Lis\u00e4ksi kerholla on omille j\u00e4senille n. 15 soutuvenepaikkaa.<\/p>\n<p>Satama-alue on veneilykauden aikana vartioitu. Vartiointia tehostaa ymp\u00e4rivuotinen tallentava kameravalvonta.<\/p>\n<p>Kerholaiset rakensivat satamaan omin voimin kest\u00e4v\u00e4n ja hyvin toimivan septis\u00e4ili\u00f6n imutyhjennyslaitteen. Pid\u00e4 Saaristo Siistin\u00e4 &#8211; j\u00e4rjest\u00f6 palkitsi kerhon ymp\u00e4rist\u00f6ty\u00f6st\u00e4 valitsemalla Laajalahden Merenk\u00e4vij\u00f6iden kotisataman vuoden 2002 Askel parempaan -satamaksi.<\/p>\n<p>Laajalahden Merenk\u00e4vij\u00f6iden toimesta j\u00e4rjestet\u00e4\u00e4n satamassa veneilij\u00f6iden toimintaa, kuten alueen vartiointi, kev\u00e4iset siivoustalkoot, monia k\u00e4yt\u00e4nn\u00f6n asioiden hoitoa ja yhteyden pitoa Espoon kaupunkiin sataman kehitt\u00e4miseksi. Telakointia valvotaan niin, ett\u00e4 alue k\u00e4ytet\u00e4\u00e4n tehokkaasti ja tarkoituksenmukaisesti.<\/p>\n<p><img loading=\"lazy\" decoding=\"async\" title=\"septimrk.jpg\" src=\"http:\/\/www.laajalahdenmerenkavijat.net\/llmk_web\/images\/llmk\/septimrk.jpg\" alt=\"septimrk\" width=\"100\" height=\"100\" \/>\u00a0\u00a0[wpfilebase tag=fileurl id=1 linktext=&#8217;K\u00e4ytt\u00f6ohjeet (Septityhjennys ohjeet)&#8217; \/]<\/p>\n<p><a href=\"http:\/\/www.laajalahdenmerenkavijat.net\/www\/wp-content\/uploads\/2015\/12\/RcA75j57i-e1451074979456.png\" rel=\"attachment wp-att-139\"><img loading=\"lazy\" decoding=\"async\" class=\"alignnone size-medium wp-image-139\" src=\"http:\/\/www.laajalahdenmerenkavijat.net\/www\/wp-content\/uploads\/2015\/12\/RcA75j57i-243x300.png\" alt=\"Ankkuri\" width=\"100\" height=\"100\" \/><\/a><a href=\"http:\/\/www.laajalahdenmerenkavijat.net\/www\/wp-content\/uploads\/2015\/03\/LM_soutuvenepaikka_s\u00e4\u00e4nn\u00f6t_2019.pdf\" rel=\"\">LM_soutuvenepaikka_s\u00e4\u00e4nn\u00f6t_2019<\/a><\/p>\n","protected":false},"excerpt":{"rendered":"<p>Sataman osoite: Ruukinrannantie 27, 02600 ESPOO\u00a0 \u00a0 \u00a0 \u00a0 \u00a0 \u00a0 \u00a0 \u00a0 \u00a0 \u00a0 \u00a0 \u00a0 \u00a0 \u00a0 \u00a0 \u00a0 \u00a0 \u00a0 \u00a0 \u00a0 \u00a0 \u00a0 \u00a0 \u00a0 \u00a0 \u00a0 \u00a0 \u00a0 \u00a0 \u00a0 \u00a0 e-mail: yhdistys@laajalahdenmerenkavijat.net Laajalahden pienvenesatama on Espoon kaupungin satama. Espoon kaupunki vastaa venepaikkojen vuokrauksesta ja kunnossapidosta. Sataman vankka 126-paikkainen venelaituri [&hellip;]<\/p>\n","protected":false},"author":2,"featured_media":0,"parent":0,"menu_order":0,"comment_status":"closed","ping_status":"closed","template":"","meta":{"footnotes":""},"class_list":["post-18","page","type-page","status-publish","hentry","post-preview"],"_links":{"self":[{"href":"http:\/\/www.laajalahdenmerenkavijat.net\/www\/wp-json\/wp\/v2\/pages\/18","targetHints":{"allow":["GET"]}}],"collection":[{"href":"http:\/\/www.laajalahdenmerenkavijat.net\/www\/wp-json\/wp\/v2\/pages"}],"about":[{"href":"http:\/\/www.laajalahdenmerenkavijat.net\/www\/wp-json\/wp\/v2\/types\/page"}],"author":[{"embeddable":true,"href":"http:\/\/www.laajalahdenmerenkavijat.net\/www\/wp-json\/wp\/v2\/users\/2"}],"replies":[{"embeddable":true,"href":"http:\/\/www.laajalahdenmerenkavijat.net\/www\/wp-json\/wp\/v2\/comments?post=18"}],"version-history":[{"count":21,"href":"http:\/\/www.laajalahdenmerenkavijat.net\/www\/wp-json\/wp\/v2\/pages\/18\/revisions"}],"predecessor-version":[{"id":561,"href":"http:\/\/www.laajalahdenmerenkavijat.net\/www\/wp-json\/wp\/v2\/pages\/18\/revisions\/561"}],"wp:attachment":[{"href":"http:\/\/www.laajalahdenmerenkavijat.net\/www\/wp-json\/wp\/v2\/media?parent=18"}],"curies":[{"name":"wp","href":"https:\/\/api.w.org\/{rel}","templated":true}]}}